{"id":100,"date":"2024-05-28T07:19:46","date_gmt":"2024-05-28T07:19:46","guid":{"rendered":"https:\/\/petschen.ch\/?page_id=100"},"modified":"2025-11-26T09:32:13","modified_gmt":"2025-11-26T09:32:13","slug":"schwerpunkte","status":"publish","type":"page","link":"https:\/\/petschen.ch\/?page_id=100","title":{"rendered":"Schwerpunkte:"},"content":{"rendered":"\n<p class=\"has-accent-color has-text-color has-link-color wp-elements-008296f3253e6c8b71489f912b4bfe2d\" style=\"font-size:24px\"><strong>Atmen und psychologische Beratung<\/strong><\/p>\n\n\n\n<p style=\"font-size:18px\"><\/p>\n\n\n\n<ul class=\"wp-block-list\">\n<li style=\"font-size:18px\">Kopfschmerzen \/ Migr\u00e4ne<\/li>\n\n\n\n<li style=\"font-size:18px\">Pers\u00f6nliche Krisen<\/li>\n\n\n\n<li style=\"font-size:18px\">Ersch\u00f6pfung, Stress, Burnout<\/li>\n\n\n\n<li style=\"font-size:18px\">Schlafst\u00f6rungen<\/li>\n\n\n\n<li style=\"font-size:18px\">Konflikt- und Probleml\u00f6sung<\/li>\n\n\n\n<li style=\"font-size:18px\">Standortbestimmung<\/li>\n\n\n\n<li style=\"font-size:18px\">Trauerarbeit<\/li>\n\n\n\n<li style=\"font-size:18px\">Berufliche Neuorientierung<\/li>\n<\/ul>\n\n\n\n<p class=\"has-accent-color has-text-color has-link-color wp-elements-951b277f6c3f9daf3a19c64fe44f16a8\" style=\"font-size:24px\"><strong>Einzelcoaching, Teamcoaching und F\u00fchrungscoaching<\/strong><\/p>\n\n\n\n<p class=\"has-medium-font-size\"><strong>Einzelcoaching f\u00fcr private und gesch\u00e4ftliche Fragen<\/strong><\/p>\n\n\n\n<p style=\"font-size:18px\"><\/p>\n\n\n\n<ul class=\"wp-block-list\">\n<li style=\"font-size:18px\">Stress- und Burnout-Pr\u00e4vention, Life-Balance, Neuorientierung, Standortbestimmung.<\/li>\n\n\n\n<li style=\"font-size:18px\">Gemeinsam unterst\u00fctzende Strategien f\u00fcr Ihre privaten und beruflichen Herausforderungen erarbeiten.<\/li>\n\n\n\n<li style=\"font-size:18px\">Begleitung bei anstehender Ver\u00e4nderungen. Analyse und Pr\u00fcfen von Optionen zu Ihrer Fragestellung und Entscheidungsfindung.<\/li>\n\n\n\n<li style=\"font-size:18px\">Unterst\u00fctzung in Krisen, um gest\u00e4rkt daraus hervorzugehen.<\/li>\n\n\n\n<li style=\"font-size:18px\">Kreatives Potenzial entdecken und f\u00f6rdern, innovative Denkans\u00e4tze konkretisieren.<\/li>\n\n\n\n<li style=\"font-size:18px\">Gemeinsam inspirierende Zukunftsbilder einem Machbarkeitscheck unterziehen.<\/li>\n<\/ul>\n\n\n\n<p class=\"has-medium-font-size\" style=\"letter-spacing:em\"><strong>F\u00fchrungscoaching<\/strong><\/p>\n\n\n\n<ul class=\"wp-block-list\">\n<li style=\"font-size:18px\">F\u00fchrungskompetenzen im Umgang mit Mitarbeitenden reflektieren und den Fokus auf Kommunikation, Empathie und Wertsch\u00e4tzung st\u00e4rken.<\/li>\n\n\n\n<li style=\"font-size:18px\">Resilienzf\u00f6rderung im Team (Arbeitsklima, Wohlbefinden, Anpassungsf\u00e4higkeit).<\/li>\n\n\n\n<li style=\"font-size:18px\">Optimieren innovativer Strategien in der Linie nach oben und nach unten (Vision, Strategie, Leadership, Kommunikation, Partizipation, Motivation).<\/li>\n\n\n\n<li style=\"font-size:18px\">Eine agile und&nbsp;<a href=\"https:\/\/www.coachingzentrum.ch\/blog\/artikel\/resiliente-fuehrung-ein-kompass-fuer-stuermische-zeiten-431\/\" target=\"_blank\" rel=\"noreferrer noopener\">resiliente Unternehmenskultur<\/a>&nbsp;f\u00f6rdern.<\/li>\n\n\n\n<li style=\"font-size:18px\">Impulse zur Vertiefung der Selbstreflexion.<\/li>\n<\/ul>\n\n\n\n<p><\/p>\n\n\n\n<p style=\"font-size:20px\"><br><br><br><br><br><br><br><br><br><br><br><br><br><br><br><br><br><br><br><br><br><br><br><br><br><br><br><br><br><br><br><br><br><style>@font-face&lt;br>\t{font-family:Wingdings;&lt;br>\tpanose-1:5 0 0 0 0 0 0 0 0 0;&lt;br>\tmso-font-charset:77;&lt;br>\tmso-generic-font-family:decorative;&lt;br>\tmso-font-pitch:variable;&lt;br>\tmso-font-signature:3 0 0 0 -2147483647 0;}@font-face&lt;br>\t{font-family:\"Cambria Math\";&lt;br>\tpanose-1:2 4 5 3 5 4 6 3 2 4;&lt;br>\tmso-font-charset:0;&lt;br>\tmso-generic-font-family:roman;&lt;br>\tmso-font-pitch:variable;&lt;br>\tmso-font-signature:-536870145 1107305727 0 0 415 0;}@font-face&lt;br>\t{font-family:Calibri;&lt;br>\tpanose-1:2 15 5 2 2 2 4 3 2 4;&lt;br>\tmso-font-charset:0;&lt;br>\tmso-generic-font-family:swiss;&lt;br>\tmso-font-pitch:variable;&lt;br>\tmso-font-signature:-536859905 -1073732485 9 0 511 0;}p.MsoNormal, li.MsoNormal, div.MsoNormal&lt;br>\t{mso-style-unhide:no;&lt;br>\tmso-style-qformat:yes;&lt;br>\tmso-style-parent:\"\";&lt;br>\tmargin:0cm;&lt;br>\tmso-pagination:widow-orphan;&lt;br>\tfont-size:12.0pt;&lt;br>\tfont-family:\"Calibri\",sans-serif;&lt;br>\tmso-ascii-font-family:Calibri;&lt;br>\tmso-ascii-theme-font:minor-latin;&lt;br>\tmso-fareast-font-family:Calibri;&lt;br>\tmso-fareast-theme-font:minor-latin;&lt;br>\tmso-hansi-font-family:Calibri;&lt;br>\tmso-hansi-theme-font:minor-latin;&lt;br>\tmso-bidi-font-family:\"Times New Roman\";&lt;br>\tmso-bidi-theme-font:minor-bidi;&lt;br>\tmso-font-kerning:1.0pt;&lt;br>\tmso-ligatures:standardcontextual;&lt;br>\tmso-fareast-language:EN-US;}p.MsoListParagraph, li.MsoListParagraph, div.MsoListParagraph&lt;br>\t{mso-style-priority:34;&lt;br>\tmso-style-unhide:no;&lt;br>\tmso-style-qformat:yes;&lt;br>\tmargin-top:0cm;&lt;br>\tmargin-right:0cm;&lt;br>\tmargin-bottom:0cm;&lt;br>\tmargin-left:36.0pt;&lt;br>\tmso-add-space:auto;&lt;br>\tmso-pagination:widow-orphan;&lt;br>\tfont-size:12.0pt;&lt;br>\tfont-family:\"Calibri\",sans-serif;&lt;br>\tmso-ascii-font-family:Calibri;&lt;br>\tmso-ascii-theme-font:minor-latin;&lt;br>\tmso-fareast-font-family:Calibri;&lt;br>\tmso-fareast-theme-font:minor-latin;&lt;br>\tmso-hansi-font-family:Calibri;&lt;br>\tmso-hansi-theme-font:minor-latin;&lt;br>\tmso-bidi-font-family:\"Times New Roman\";&lt;br>\tmso-bidi-theme-font:minor-bidi;&lt;br>\tmso-font-kerning:1.0pt;&lt;br>\tmso-ligatures:standardcontextual;&lt;br>\tmso-fareast-language:EN-US;}p.MsoListParagraphCxSpFirst, li.MsoListParagraphCxSpFirst, div.MsoListParagraphCxSpFirst&lt;br>\t{mso-style-priority:34;&lt;br>\tmso-style-unhide:no;&lt;br>\tmso-style-qformat:yes;&lt;br>\tmso-style-type:export-only;&lt;br>\tmargin-top:0cm;&lt;br>\tmargin-right:0cm;&lt;br>\tmargin-bottom:0cm;&lt;br>\tmargin-left:36.0pt;&lt;br>\tmso-add-space:auto;&lt;br>\tmso-pagination:widow-orphan;&lt;br>\tfont-size:12.0pt;&lt;br>\tfont-family:\"Calibri\",sans-serif;&lt;br>\tmso-ascii-font-family:Calibri;&lt;br>\tmso-ascii-theme-font:minor-latin;&lt;br>\tmso-fareast-font-family:Calibri;&lt;br>\tmso-fareast-theme-font:minor-latin;&lt;br>\tmso-hansi-font-family:Calibri;&lt;br>\tmso-hansi-theme-font:minor-latin;&lt;br>\tmso-bidi-font-family:\"Times New Roman\";&lt;br>\tmso-bidi-theme-font:minor-bidi;&lt;br>\tmso-font-kerning:1.0pt;&lt;br>\tmso-ligatures:standardcontextual;&lt;br>\tmso-fareast-language:EN-US;}p.MsoListParagraphCxSpMiddle, li.MsoListParagraphCxSpMiddle, div.MsoListParagraphCxSpMiddle&lt;br>\t{mso-style-priority:34;&lt;br>\tmso-style-unhide:no;&lt;br>\tmso-style-qformat:yes;&lt;br>\tmso-style-type:export-only;&lt;br>\tmargin-top:0cm;&lt;br>\tmargin-right:0cm;&lt;br>\tmargin-bottom:0cm;&lt;br>\tmargin-left:36.0pt;&lt;br>\tmso-add-space:auto;&lt;br>\tmso-pagination:widow-orphan;&lt;br>\tfont-size:12.0pt;&lt;br>\tfont-family:\"Calibri\",sans-serif;&lt;br>\tmso-ascii-font-family:Calibri;&lt;br>\tmso-ascii-theme-font:minor-latin;&lt;br>\tmso-fareast-font-family:Calibri;&lt;br>\tmso-fareast-theme-font:minor-latin;&lt;br>\tmso-hansi-font-family:Calibri;&lt;br>\tmso-hansi-theme-font:minor-latin;&lt;br>\tmso-bidi-font-family:\"Times New Roman\";&lt;br>\tmso-bidi-theme-font:minor-bidi;&lt;br>\tmso-font-kerning:1.0pt;&lt;br>\tmso-ligatures:standardcontextual;&lt;br>\tmso-fareast-language:EN-US;}p.MsoListParagraphCxSpLast, li.MsoListParagraphCxSpLast, div.MsoListParagraphCxSpLast&lt;br>\t{mso-style-priority:34;&lt;br>\tmso-style-unhide:no;&lt;br>\tmso-style-qformat:yes;&lt;br>\tmso-style-type:export-only;&lt;br>\tmargin-top:0cm;&lt;br>\tmargin-right:0cm;&lt;br>\tmargin-bottom:0cm;&lt;br>\tmargin-left:36.0pt;&lt;br>\tmso-add-space:auto;&lt;br>\tmso-pagination:widow-orphan;&lt;br>\tfont-size:12.0pt;&lt;br>\tfont-family:\"Calibri\",sans-serif;&lt;br>\tmso-ascii-font-family:Calibri;&lt;br>\tmso-ascii-theme-font:minor-latin;&lt;br>\tmso-fareast-font-family:Calibri;&lt;br>\tmso-fareast-theme-font:minor-latin;&lt;br>\tmso-hansi-font-family:Calibri;&lt;br>\tmso-hansi-theme-font:minor-latin;&lt;br>\tmso-bidi-font-family:\"Times New Roman\";&lt;br>\tmso-bidi-theme-font:minor-bidi;&lt;br>\tmso-font-kerning:1.0pt;&lt;br>\tmso-ligatures:standardcontextual;&lt;br>\tmso-fareast-language:EN-US;}.MsoChpDefault&lt;br>\t{mso-style-type:export-only;&lt;br>\tmso-default-props:yes;&lt;br>\tfont-family:\"Calibri\",sans-serif;&lt;br>\tmso-ascii-font-family:Calibri;&lt;br>\tmso-ascii-theme-font:minor-latin;&lt;br>\tmso-fareast-font-family:Calibri;&lt;br>\tmso-fareast-theme-font:minor-latin;&lt;br>\tmso-hansi-font-family:Calibri;&lt;br>\tmso-hansi-theme-font:minor-latin;&lt;br>\tmso-bidi-font-family:\"Times New Roman\";&lt;br>\tmso-bidi-theme-font:minor-bidi;&lt;br>\tmso-fareast-language:EN-US;}div.WordSection1&lt;br>\t{page:WordSection1;}ol&lt;br>\t{margin-bottom:0cm;}ul&lt;br>\t{margin-bottom:0cm;}<\/style><\/p>\n\n\n\n<p><\/p>\n","protected":false},"excerpt":{"rendered":"<p>Atmen und psychologische Beratung Einzelcoaching, Teamcoaching und F\u00fchrungscoaching Einzelcoaching f\u00fcr private und gesch\u00e4ftliche Fragen F\u00fchrungscoaching<\/p>\n","protected":false},"author":2,"featured_media":0,"parent":0,"menu_order":0,"comment_status":"closed","ping_status":"closed","template":"","meta":{"iawp_total_views":325,"footnotes":""},"class_list":["post-100","page","type-page","status-publish"],"_links":{"self":[{"href":"https:\/\/petschen.ch\/index.php?rest_route=\/wp\/v2\/pages\/100"}],"collection":[{"href":"https:\/\/petschen.ch\/index.php?rest_route=\/wp\/v2\/pages"}],"about":[{"href":"https:\/\/petschen.ch\/index.php?rest_route=\/wp\/v2\/types\/page"}],"author":[{"embeddable":true,"href":"https:\/\/petschen.ch\/index.php?rest_route=\/wp\/v2\/users\/2"}],"replies":[{"embeddable":true,"href":"https:\/\/petschen.ch\/index.php?rest_route=%2Fwp%2Fv2%2Fcomments&post=100"}],"version-history":[{"count":24,"href":"https:\/\/petschen.ch\/index.php?rest_route=\/wp\/v2\/pages\/100\/revisions"}],"predecessor-version":[{"id":462,"href":"https:\/\/petschen.ch\/index.php?rest_route=\/wp\/v2\/pages\/100\/revisions\/462"}],"wp:attachment":[{"href":"https:\/\/petschen.ch\/index.php?rest_route=%2Fwp%2Fv2%2Fmedia&parent=100"}],"curies":[{"name":"wp","href":"https:\/\/api.w.org\/{rel}","templated":true}]}}