{"id":107,"date":"2024-05-28T07:25:17","date_gmt":"2024-05-28T07:25:17","guid":{"rendered":"https:\/\/petschen.ch\/?page_id=107"},"modified":"2025-11-20T15:34:55","modified_gmt":"2025-11-20T15:34:55","slug":"atem-und-psychotherapie","status":"publish","type":"page","link":"https:\/\/petschen.ch\/?page_id=107","title":{"rendered":"Atem- und Psyche"},"content":{"rendered":"\n<p><\/p>\n\n\n\n<div class=\"wp-block-media-text is-stacked-on-mobile\" style=\"grid-template-columns:32% auto\"><figure class=\"wp-block-media-text__media\"><img loading=\"lazy\" decoding=\"async\" width=\"768\" height=\"1024\" src=\"https:\/\/petschen.ch\/wp-content\/uploads\/2024\/06\/IMG_1501-768x1024.jpg\" alt=\"\" class=\"wp-image-226 size-full\" srcset=\"https:\/\/petschen.ch\/wp-content\/uploads\/2024\/06\/IMG_1501-768x1024.jpg 768w, https:\/\/petschen.ch\/wp-content\/uploads\/2024\/06\/IMG_1501-225x300.jpg 225w, https:\/\/petschen.ch\/wp-content\/uploads\/2024\/06\/IMG_1501-1152x1536.jpg 1152w, https:\/\/petschen.ch\/wp-content\/uploads\/2024\/06\/IMG_1501-1536x2048.jpg 1536w, https:\/\/petschen.ch\/wp-content\/uploads\/2024\/06\/IMG_1501-scaled.jpg 1920w\" sizes=\"(max-width: 768px) 100vw, 768px\" \/><\/figure><div class=\"wp-block-media-text__content\">\n<p class=\"has-medium-font-size\"><strong>Die Atmung als Verbindung zu K\u00f6rper &#8211; Geist &#8211; Seele<\/strong><\/p>\n\n\n\n<p class=\"has-medium-font-size\"><em>\u00abGeben wir dem Atmen Raum\u00bb<\/em><\/p>\n\n\n\n<p class=\"has-medium-font-size\">Atemtherapie als ganzheitlichen Zugang zu K\u00f6rper, Geist und Seele erfahren. Atem gibt Raum, den Blick auf die K\u00f6rperwahrnehmung zu richten, Selbstheilungskr\u00e4fte zu st\u00e4rken.<\/p>\n\n\n\n<p class=\"has-medium-font-size\">Das Ziel der Atemtherapie ist die Lungenfunktion zu optimieren und dysfunktionale Atemgewohnheiten abzulegen. Die Atemtherapie st\u00e4rkt die Atemmuskulatur und unterst\u00fctzt die bewusste Entspannung. Die Atem\u00fcbungen f\u00f6rdern den richtigen Atemrhythmus. Dabei wirkt die Atemtherapie ganzheitlich.<br>Atemtherapie ist auch Psychotherapie, Wahrnehmen und Selbsterfahren, sie kann ihre heilende Wirkung in den Alltag einfliessen lassen. Atemtherapie erfolgt in Balance mit Atem\u00fcbungen und Reflexion in Gespr\u00e4chen. Die Behandlung geschieht in Form von Anleitung, sowie deren Integration in den Alltag.<\/p>\n<\/div><\/div>\n","protected":false},"excerpt":{"rendered":"<p>Die Atmung als Verbindung zu K\u00f6rper &#8211; Geist &#8211; Seele \u00abGeben wir dem Atmen Raum\u00bb Atemtherapie als ganzheitlichen Zugang zu K\u00f6rper, Geist und Seele erfahren. Atem gibt Raum, den Blick auf die K\u00f6rperwahrnehmung zu richten, Selbstheilungskr\u00e4fte zu st\u00e4rken. Das Ziel der Atemtherapie ist die Lungenfunktion zu optimieren und dysfunktionale Atemgewohnheiten abzulegen. Die Atemtherapie st\u00e4rkt die &#8230; <a title=\"Atem- und Psyche\" class=\"read-more\" href=\"https:\/\/petschen.ch\/?page_id=107\" aria-label=\"Mehr Informationen \u00fcber Atem- und Psyche\">Weiterlesen<\/a><\/p>\n","protected":false},"author":2,"featured_media":0,"parent":0,"menu_order":0,"comment_status":"closed","ping_status":"closed","template":"","meta":{"iawp_total_views":336,"footnotes":""},"class_list":["post-107","page","type-page","status-publish"],"_links":{"self":[{"href":"https:\/\/petschen.ch\/index.php?rest_route=\/wp\/v2\/pages\/107"}],"collection":[{"href":"https:\/\/petschen.ch\/index.php?rest_route=\/wp\/v2\/pages"}],"about":[{"href":"https:\/\/petschen.ch\/index.php?rest_route=\/wp\/v2\/types\/page"}],"author":[{"embeddable":true,"href":"https:\/\/petschen.ch\/index.php?rest_route=\/wp\/v2\/users\/2"}],"replies":[{"embeddable":true,"href":"https:\/\/petschen.ch\/index.php?rest_route=%2Fwp%2Fv2%2Fcomments&post=107"}],"version-history":[{"count":7,"href":"https:\/\/petschen.ch\/index.php?rest_route=\/wp\/v2\/pages\/107\/revisions"}],"predecessor-version":[{"id":424,"href":"https:\/\/petschen.ch\/index.php?rest_route=\/wp\/v2\/pages\/107\/revisions\/424"}],"wp:attachment":[{"href":"https:\/\/petschen.ch\/index.php?rest_route=%2Fwp%2Fv2%2Fmedia&parent=107"}],"curies":[{"name":"wp","href":"https:\/\/api.w.org\/{rel}","templated":true}]}}