{"id":89,"date":"2024-05-28T07:09:57","date_gmt":"2024-05-28T07:09:57","guid":{"rendered":"https:\/\/petschen.ch\/?page_id=89"},"modified":"2025-12-03T10:53:42","modified_gmt":"2025-12-03T10:53:42","slug":"ueber-mich","status":"publish","type":"page","link":"https:\/\/petschen.ch\/","title":{"rendered":"Atemtherapie und psychologische Begleitung"},"content":{"rendered":"\n<p class=\"has-accent-color has-text-color has-link-color wp-elements-64d7134f2f2eab349283c09eb655b1e2\" style=\"font-size:40px\">Einzel- Team- und  F\u00fchrungscoaching in privaten und gesch\u00e4ftlichen Fragen<\/p>\n\n\n\n<p class=\"has-medium-font-size\"><strong>Roland Petschen, Psychologe FSP<\/strong><\/p>\n\n\n\n<div class=\"wp-block-media-text is-stacked-on-mobile is-vertically-aligned-center\" style=\"grid-template-columns:38% auto\"><figure class=\"wp-block-media-text__media\"><img loading=\"lazy\" decoding=\"async\" width=\"300\" height=\"298\" src=\"https:\/\/petschen.ch\/wp-content\/uploads\/2024\/12\/Foto-Ro.-Pulover-1-300x298.jpg\" alt=\"\" class=\"wp-image-330 size-medium\" srcset=\"https:\/\/petschen.ch\/wp-content\/uploads\/2024\/12\/Foto-Ro.-Pulover-1-300x298.jpg 300w, https:\/\/petschen.ch\/wp-content\/uploads\/2024\/12\/Foto-Ro.-Pulover-1-1024x1018.jpg 1024w, https:\/\/petschen.ch\/wp-content\/uploads\/2024\/12\/Foto-Ro.-Pulover-1-150x150.jpg 150w, https:\/\/petschen.ch\/wp-content\/uploads\/2024\/12\/Foto-Ro.-Pulover-1-768x763.jpg 768w, https:\/\/petschen.ch\/wp-content\/uploads\/2024\/12\/Foto-Ro.-Pulover-1-1536x1527.jpg 1536w, https:\/\/petschen.ch\/wp-content\/uploads\/2024\/12\/Foto-Ro.-Pulover-1.jpg 1642w\" sizes=\"(max-width: 300px) 100vw, 300px\" \/><\/figure><div class=\"wp-block-media-text__content\">\n<p><\/p>\n\n\n\n<p><\/p>\n\n\n\n<p><\/p>\n\n\n\n<p style=\"font-size:18px\">Im Coaching folge ich einem praxis- und l\u00f6sungsorientierten Ansatz. Ich begleite den\/die Coachee bei seiner\/ihrer pers\u00f6nlichen L\u00f6sungsfindung in Beruf, Sport, Gesch\u00e4ft und Privat.&nbsp;In unserer Zusammenarbeit coache und unterst\u00fctze ich Sie professionell mit Expertise. Ich begleite Sie bei der Bew\u00e4ltigung komplexer&nbsp;<a href=\"https:\/\/www.coachingzentrum.ch\/blog\/artikel\/transformatives-coaching-fuer-agile-fuehrung-450\/\">Transformationsprozesse<\/a>&nbsp;und bef\u00e4hige Sie, Ihr Team durch&nbsp;die Herausforderungen einer sich st\u00e4ndig wandelnden Gesch\u00e4ftswelt zu f\u00fchren.<\/p>\n\n\n\n<p class=\"has-contrast-color has-text-color\" style=\"font-size:18px\">Mein fachliches Fundament baut auf einem humanistischen Menschenbild. Ich halte die F\u00e4higkeit und das Bestreben der Menschen, ihr Leben selbst zu bestimmen hoch. Mit dieser Einstellung bin ich die geeignete Person, um Sie zu unterst\u00fctzen, zu begleiten und zu st\u00e4rken.<\/p>\n\n\n\n<p class=\"has-contrast-2-color has-text-color\" style=\"font-size:18px\">Geben wir den Menschen Raum, um durch Atemtherapie- und psychologische Begleitung einen ganzheitlichen Zugang zu K\u00f6rper, Geist und Seele zu finden. Mit Kraft Ihrer St\u00e4rke sind Sie bereit, den Blick selbstbestimmt auf die K\u00f6rperwahrnehmung zu richten und die Selbstheilungskr\u00e4fte zu mobilisieren und zu st\u00e4rken.<\/p>\n\n\n\n<figure class=\"wp-block-gallery has-nested-images columns-default is-cropped wp-block-gallery-1 is-layout-flex wp-block-gallery-is-layout-flex\"><\/figure>\n<\/div><\/div>\n\n\n\n<p><\/p>\n","protected":false},"excerpt":{"rendered":"<p>Einzel- Team- und F\u00fchrungscoaching in privaten und gesch\u00e4ftlichen Fragen Roland Petschen, Psychologe FSP<\/p>\n","protected":false},"author":2,"featured_media":0,"parent":0,"menu_order":0,"comment_status":"closed","ping_status":"closed","template":"","meta":{"iawp_total_views":1483,"footnotes":""},"class_list":["post-89","page","type-page","status-publish"],"_links":{"self":[{"href":"https:\/\/petschen.ch\/index.php?rest_route=\/wp\/v2\/pages\/89"}],"collection":[{"href":"https:\/\/petschen.ch\/index.php?rest_route=\/wp\/v2\/pages"}],"about":[{"href":"https:\/\/petschen.ch\/index.php?rest_route=\/wp\/v2\/types\/page"}],"author":[{"embeddable":true,"href":"https:\/\/petschen.ch\/index.php?rest_route=\/wp\/v2\/users\/2"}],"replies":[{"embeddable":true,"href":"https:\/\/petschen.ch\/index.php?rest_route=%2Fwp%2Fv2%2Fcomments&post=89"}],"version-history":[{"count":56,"href":"https:\/\/petschen.ch\/index.php?rest_route=\/wp\/v2\/pages\/89\/revisions"}],"predecessor-version":[{"id":473,"href":"https:\/\/petschen.ch\/index.php?rest_route=\/wp\/v2\/pages\/89\/revisions\/473"}],"wp:attachment":[{"href":"https:\/\/petschen.ch\/index.php?rest_route=%2Fwp%2Fv2%2Fmedia&parent=89"}],"curies":[{"name":"wp","href":"https:\/\/api.w.org\/{rel}","templated":true}]}}