{"id":95,"date":"2024-05-28T07:17:28","date_gmt":"2024-05-28T07:17:28","guid":{"rendered":"https:\/\/petschen.ch\/?page_id=95"},"modified":"2024-07-03T14:56:41","modified_gmt":"2024-07-03T14:56:41","slug":"praktische-erfahrung","status":"publish","type":"page","link":"https:\/\/petschen.ch\/?page_id=95","title":{"rendered":"Praktische Erfahrung"},"content":{"rendered":"\n<p><strong>Praxiserfahrung<\/strong><\/p>\n\n\n\n<ul class=\"wp-block-list\">\n<li>Sozialtherapeutisches Zentrum, Einzel- und Gruppentherapie<\/li>\n\n\n\n<li>Psychotherapie private Praxist\u00e4tigkeit&nbsp; (Teilzeit)<\/li>\n\n\n\n<li>Leiter Contact Thun, Jugend- Eltern und Drogenberatungsstelle und Werkstatt 18.<\/li>\n\n\n\n<li>Mandat Expertengruppe f\u00fcr AV-Medien, Gesundheitsf\u00f6rderung, BAG<\/li>\n\n\n\n<li>Selbst. Projektberater, Projektleiter<\/li>\n\n\n\n<li>hmconcret gmbh, Healthmanagement &amp; Consulting<\/li>\n<\/ul>\n\n\n\n<p><strong>Autor von:&nbsp;<\/strong><\/p>\n\n\n\n<ul class=\"wp-block-list\">\n<li>DVD: \u201eElternSorgen\u201c, Gesundheitsdienst der Stadt Bern, 2010.<\/li>\n\n\n\n<li>Lehrmittel \u201eGewalt hat viele Gesichter\u201c und \u201eGewaltig\u201c 2009, VISANA.<\/li>\n\n\n\n<li>Lehrmittel: \u201eWenn behindert sein normal wird\u201c, f\u00fcr Unter-, Mittel- und Oberstufen Schulen. Stiftung Cerebral, 2003.&nbsp;<\/li>\n\n\n\n<li>Lehrmittel: \u201eGewalt\u201c, \u201eFremd sein\u201c, \u201eAlkohol\u201c, \u201eTabak\u201c und \u201eSelbstvertrauen\u201c, f\u00fcr Oberstufen Schulen, BAG\/SFA, 2001.<\/li>\n\n\n\n<li>\u201eStreet Basket at Night\u201c, Sucht- und Gewaltpr\u00e4ventionsprojekt im Kanton Bern, 2001.<\/li>\n<\/ul>\n\n\n\n<p><strong>Projektleiter&nbsp; &nbsp;<\/strong><\/p>\n\n\n\n<ul class=\"wp-block-list\">\n<li>Pr\u00e4ventions- und Organisationsberatung&nbsp; Vereinssport, bis heute.<\/li>\n\n\n\n<li>Verantwortlicher f\u00fcr Pr\u00e4vention, FC D\u00fcrrenast, Thun bis heute (Ehrenamtlich).<\/li>\n\n\n\n<li>Wir wollen sauberen Sport: Jungfrau-Marathon: \u201eMedikamentenmissbrauch im Breitensport\u201c in Zusammenarbeit mit Radio DRS1, ESSM Magglingen, der SFA Lausanne, der SOV, der BVS, der Uni Lausanne und Bern.<\/li>\n\n\n\n<li>Projektteam \u201eOhne Drogen mit Sport\u201c BAG \/ BASPO.<\/li>\n\n\n\n<li>\u201eDrogenentzugs- und \u00dcbergangsstation f\u00fcr den Kanton Bern\u201c.<\/li>\n<\/ul>\n\n\n\n<p><strong>Lehrt\u00e4tigkeiten<\/strong><\/p>\n\n\n\n<ul class=\"wp-block-list\">\n<li>Dozent an der FHNW<\/li>\n\n\n\n<li>Dozent an Krankenpflegeschule Abt. Spitex, Lindenhofspital&nbsp;<\/li>\n\n\n\n<li>Dozent an der Kaderschule des SRK<\/li>\n\n\n\n<li>Dozent Pflegeschule Klinik M\u00fcnsingen<\/li>\n\n\n\n<li>Dozent an der HFS Solothurn<\/li>\n<\/ul>\n","protected":false},"excerpt":{"rendered":"<p>Praxiserfahrung Autor von:&nbsp; Projektleiter&nbsp; &nbsp; Lehrt\u00e4tigkeiten<\/p>\n","protected":false},"author":2,"featured_media":0,"parent":0,"menu_order":0,"comment_status":"closed","ping_status":"closed","template":"","meta":{"iawp_total_views":250,"footnotes":""},"class_list":["post-95","page","type-page","status-publish"],"_links":{"self":[{"href":"https:\/\/petschen.ch\/index.php?rest_route=\/wp\/v2\/pages\/95"}],"collection":[{"href":"https:\/\/petschen.ch\/index.php?rest_route=\/wp\/v2\/pages"}],"about":[{"href":"https:\/\/petschen.ch\/index.php?rest_route=\/wp\/v2\/types\/page"}],"author":[{"embeddable":true,"href":"https:\/\/petschen.ch\/index.php?rest_route=\/wp\/v2\/users\/2"}],"replies":[{"embeddable":true,"href":"https:\/\/petschen.ch\/index.php?rest_route=%2Fwp%2Fv2%2Fcomments&post=95"}],"version-history":[{"count":4,"href":"https:\/\/petschen.ch\/index.php?rest_route=\/wp\/v2\/pages\/95\/revisions"}],"predecessor-version":[{"id":257,"href":"https:\/\/petschen.ch\/index.php?rest_route=\/wp\/v2\/pages\/95\/revisions\/257"}],"wp:attachment":[{"href":"https:\/\/petschen.ch\/index.php?rest_route=%2Fwp%2Fv2%2Fmedia&parent=95"}],"curies":[{"name":"wp","href":"https:\/\/api.w.org\/{rel}","templated":true}]}}